{"id":225,"date":"2016-05-09T21:57:27","date_gmt":"2016-05-10T00:57:27","guid":{"rendered":"http:\/\/estudiornya.com.ar\/wordpress\/?page_id=225"},"modified":"2016-05-09T21:57:38","modified_gmt":"2016-05-10T00:57:38","slug":"staff1-4","status":"publish","type":"page","link":"https:\/\/estudiornya.com.ar\/wordpress\/staff1-4\/","title":{"rendered":"Srta. Rabuffetti Mar\u00eda Soledad"},"content":{"rendered":"<h2><span style=\"color: #7c1000;\"><em><strong>Socia<\/strong><\/em><\/span><\/h2>\n<p align=\"justify\">Socia del Estudio desde el a\u00f1o 2002, cursando la carrera de Contadora P\u00fablica Nacional en la Facultad de Ciencias Econ\u00f3micas de la Universidad de Buenos Aires.<\/p>\n<p align=\"justify\">Dedicada al Asesoramiento en el campo contable, elaboraci\u00f3n de estados econ\u00f3micos, declaraciones de impuestos y dem\u00e1s liquidaciones para empresas nacionales e internacionales. Especializada en el asesoramiento y la liquidaci\u00f3n del Impuesto sobre los Ingresos Brutos en todas sus modalidades.<\/p>\n<p align=\"justify\">Ha participado en numerosas Conferencias de la especialidad organizadas por la Facultad de Ciencias Econ\u00f3micas de la Universidad de Buenos Aires pudiendo destacarse, entre otras, \u201cEl Liderazgo en la Direcci\u00f3n de Empresas\u201d, \u201cAplicativos de AFIP\u201d, \u201cImpuesto al Valor Agregado\u201d, \u201cIngresos Brutos &#8211; Convenio Multilateral\u201d, \u201cIngresos Brutos \u2013 ARBA y AGIP\u201d, \u201cPatrimonio Neto. Forma, Contenidos, Variaciones, Aspectos Controvertidos\u201d. Organizados por el Consejo Profesional de Ciencias Econ\u00f3mica de la Ciudad Aut\u00f3noma de Buenos Aires \u201cPeque\u00f1os Contribuyentes \u2013 Monotributo. El nuevo R\u00e9gimen Simplificado\u201d<\/p>\n","protected":false},"excerpt":{"rendered":"<p>Socia Socia del Estudio desde el a\u00f1o 2002, cursando la carrera de Contadora P\u00fablica Nacional en la Facultad de Ciencias Econ\u00f3micas de la Universidad de [&hellip;]<\/p>\n","protected":false},"author":1,"featured_media":0,"parent":0,"menu_order":0,"comment_status":"closed","ping_status":"open","template":"template-full-width.php","meta":{"footnotes":""},"class_list":["post-225","page","type-page","status-publish","hentry"],"_links":{"self":[{"href":"https:\/\/estudiornya.com.ar\/wordpress\/wp-json\/wp\/v2\/pages\/225","targetHints":{"allow":["GET"]}}],"collection":[{"href":"https:\/\/estudiornya.com.ar\/wordpress\/wp-json\/wp\/v2\/pages"}],"about":[{"href":"https:\/\/estudiornya.com.ar\/wordpress\/wp-json\/wp\/v2\/types\/page"}],"author":[{"embeddable":true,"href":"https:\/\/estudiornya.com.ar\/wordpress\/wp-json\/wp\/v2\/users\/1"}],"replies":[{"embeddable":true,"href":"https:\/\/estudiornya.com.ar\/wordpress\/wp-json\/wp\/v2\/comments?post=225"}],"version-history":[{"count":1,"href":"https:\/\/estudiornya.com.ar\/wordpress\/wp-json\/wp\/v2\/pages\/225\/revisions"}],"predecessor-version":[{"id":226,"href":"https:\/\/estudiornya.com.ar\/wordpress\/wp-json\/wp\/v2\/pages\/225\/revisions\/226"}],"wp:attachment":[{"href":"https:\/\/estudiornya.com.ar\/wordpress\/wp-json\/wp\/v2\/media?parent=225"}],"curies":[{"name":"wp","href":"https:\/\/api.w.org\/{rel}","templated":true}]}}