{"id":223,"date":"2016-05-09T21:56:18","date_gmt":"2016-05-10T00:56:18","guid":{"rendered":"http:\/\/estudiornya.com.ar\/wordpress\/?page_id=223"},"modified":"2016-05-09T21:56:18","modified_gmt":"2016-05-10T00:56:18","slug":"staff1-3","status":"publish","type":"page","link":"https:\/\/estudiornya.com.ar\/wordpress\/staff1-3\/","title":{"rendered":"Dr. Rabuffetti Alejandro Ricardo"},"content":{"rendered":"<h2><span style=\"color: #7c1000;\"><em><strong>Socio<\/strong><\/em><\/span><\/h2>\n<p align=\"justify\">Socio del Estudio desde el 1999. Contador P\u00fablico Nacional egresado de la Facultad de Ciencias Econ\u00f3micas de la Universidad de Buenos Aires en Diciembre de 2007.<\/p>\n<p align=\"justify\">Su participaci\u00f3n profesional es muy activa, centrando su pr\u00e1ctica en el Asesoramiento y consultor\u00eda Agropecuaria y el Asesoramiento Contable, Impositivo y Financiero de empresas nacionales y extranjeras.<\/p>\n<p align=\"justify\">Ha iniciado y mantiene en la actualidad una intensa y s\u00f3lida actividad acad\u00e9mica. Actualmente, es Profesor Auxiliar de Trabajos Pr\u00e1cticos Sistemas de Costos de la Facultad de Ciencias Econ\u00f3micas de la Universidad de Buenos Aires (U.B.A.). Anteriormente tambi\u00e9n se ha desempe\u00f1ado como Profesor Auxiliar de Pr\u00e1ctica de Teor\u00eda Contable y Sistemas Contables y como Profesor Auxiliar de Actuaci\u00f3n Profesional del Contador en Sociedades de la Facultad de Ciencias Econ\u00f3micas de la Universidad de Buenos Aires.<\/p>\n<p align=\"justify\">Ha participado en numerosas Conferencias y Congresos de la Especialidad pudiendo destacarse, entre otras, las organizadas por el Consejo Profesional de Ciencias Econ\u00f3mica de la Ciudad Aut\u00f3noma de Buenos Aires \u201cBlanqueo Laboral \u2013 Formas. Plazos. Temas Controvertidos\u201d, \u201cBlanqueo Laboral &#8211; Nuevo plan de facilidades para regularizar deudas tributarias\u201d, \u201cPeque\u00f1os Contribuyentes \u2013 Monotributo. El nuevo R\u00e9gimen Simplificado\u201d. Organizado por el Colegio de Graduados en Ciencias Econ\u00f3micas de la Ciudad Aut\u00f3noma de Buenos Aires \u201cXVIII Jornadas de Actuaci\u00f3n Judicial\u201d, \u201cConvenio Multilateral \u2013 Reg. General y Reg. Especiales de Distribuci\u00f3n de Base Imponible\u201d, \u201cCiclo Integral de Normas Contables Orientaci\u00f3n PyMEs\u201d. Organizado por la Facultad de Ciencias Econ\u00f3micas de la Universidad de Buenos Aires \u201c1\u00ba Congreso Internacional en Ciencias Econ\u00f3micas\u201d, \u201c2\u00ba y 3\u00ba Congreso Internacional de Econom\u00eda y Gesti\u00f3n\u201d.<\/p>\n","protected":false},"excerpt":{"rendered":"<p>Socio Socio del Estudio desde el 1999. Contador P\u00fablico Nacional egresado de la Facultad de Ciencias Econ\u00f3micas de la Universidad de Buenos Aires en Diciembre [&hellip;]<\/p>\n","protected":false},"author":1,"featured_media":0,"parent":0,"menu_order":0,"comment_status":"closed","ping_status":"open","template":"template-full-width.php","meta":{"footnotes":""},"class_list":["post-223","page","type-page","status-publish","hentry"],"_links":{"self":[{"href":"https:\/\/estudiornya.com.ar\/wordpress\/wp-json\/wp\/v2\/pages\/223","targetHints":{"allow":["GET"]}}],"collection":[{"href":"https:\/\/estudiornya.com.ar\/wordpress\/wp-json\/wp\/v2\/pages"}],"about":[{"href":"https:\/\/estudiornya.com.ar\/wordpress\/wp-json\/wp\/v2\/types\/page"}],"author":[{"embeddable":true,"href":"https:\/\/estudiornya.com.ar\/wordpress\/wp-json\/wp\/v2\/users\/1"}],"replies":[{"embeddable":true,"href":"https:\/\/estudiornya.com.ar\/wordpress\/wp-json\/wp\/v2\/comments?post=223"}],"version-history":[{"count":1,"href":"https:\/\/estudiornya.com.ar\/wordpress\/wp-json\/wp\/v2\/pages\/223\/revisions"}],"predecessor-version":[{"id":224,"href":"https:\/\/estudiornya.com.ar\/wordpress\/wp-json\/wp\/v2\/pages\/223\/revisions\/224"}],"wp:attachment":[{"href":"https:\/\/estudiornya.com.ar\/wordpress\/wp-json\/wp\/v2\/media?parent=223"}],"curies":[{"name":"wp","href":"https:\/\/api.w.org\/{rel}","templated":true}]}}