{"id":219,"date":"2016-05-09T21:52:54","date_gmt":"2016-05-10T00:52:54","guid":{"rendered":"http:\/\/estudiornya.com.ar\/wordpress\/?page_id=219"},"modified":"2016-05-09T21:54:56","modified_gmt":"2016-05-10T00:54:56","slug":"staff1-2","status":"publish","type":"page","link":"https:\/\/estudiornya.com.ar\/wordpress\/staff1-2\/","title":{"rendered":"Dra. Nu\u00f1ez Silvia Catalina"},"content":{"rendered":"<h2><em><strong><span style=\"color: #7c1000;\">Socia Fundadora<\/span><\/strong><\/em><\/h2>\n<p style=\"text-align: justify;\" align=\"justify\">Socia Fundadora del Estudio R. N. y Asoc. Contadora P\u00fablica Nacional egresada de la Facultad de Ciencias Econ\u00f3micas de la Universidad de Buenos Aires en Noviembre de 1980.<\/p>\n<p style=\"text-align: justify;\" align=\"justify\">Su participaci\u00f3n profesional es muy activa, centrando su pr\u00e1ctica en asuntos contables, impositivos y previsionales. Especializada en el \u00e1mbito Laboral y Provisional es quien dirige el \u00e1rea de Outsoursing Laboral, clave hoy para nuestros clientes.<\/p>\n<p style=\"text-align: justify;\" align=\"justify\">Ha participado en numerosas Conferencias de la Especialidad pudiendo destacarse, entre otras, las organizadas por el Consejo Profesional de Ciencias Econ\u00f3mica de la Ciudad Aut\u00f3noma de Buenos Aires \u201cBlanqueo Laboral \u2013 Formas. Plazos. Temas Controvertidos\u201d, \u201cBlanqueo Laboral &#8211; Nuevo plan de facilidades para regularizar deudas tributarias\u201d, \u201cPeque\u00f1os Contribuyentes \u2013 Monotributo\u201d. El nuevo R\u00e9gimen Simplificado\u201d. Organizado por el Colegio de Graduados en Ciencias Econ\u00f3micas de la Ciudad Aut\u00f3noma de Buenos Aires \u201cTaller de Pr\u00e1ctica Tributaria y provisional\u201d,\u00a0 \u201cCiclo Integral de Normas Contables Orientaci\u00f3n PyMEs\u201d. Organizado por la Facultad de Ciencias Econ\u00f3micas de la Universidad de Buenos Aires \u201c1\u00ba Congreso Internacional en Ciencias Econ\u00f3micas\u201d.<\/p>\n","protected":false},"excerpt":{"rendered":"<p>Socia Fundadora Socia Fundadora del Estudio R. N. y Asoc. Contadora P\u00fablica Nacional egresada de la Facultad de Ciencias Econ\u00f3micas de la Universidad de Buenos [&hellip;]<\/p>\n","protected":false},"author":1,"featured_media":0,"parent":0,"menu_order":0,"comment_status":"closed","ping_status":"open","template":"template-full-width.php","meta":{"footnotes":""},"class_list":["post-219","page","type-page","status-publish","hentry"],"_links":{"self":[{"href":"https:\/\/estudiornya.com.ar\/wordpress\/wp-json\/wp\/v2\/pages\/219","targetHints":{"allow":["GET"]}}],"collection":[{"href":"https:\/\/estudiornya.com.ar\/wordpress\/wp-json\/wp\/v2\/pages"}],"about":[{"href":"https:\/\/estudiornya.com.ar\/wordpress\/wp-json\/wp\/v2\/types\/page"}],"author":[{"embeddable":true,"href":"https:\/\/estudiornya.com.ar\/wordpress\/wp-json\/wp\/v2\/users\/1"}],"replies":[{"embeddable":true,"href":"https:\/\/estudiornya.com.ar\/wordpress\/wp-json\/wp\/v2\/comments?post=219"}],"version-history":[{"count":3,"href":"https:\/\/estudiornya.com.ar\/wordpress\/wp-json\/wp\/v2\/pages\/219\/revisions"}],"predecessor-version":[{"id":222,"href":"https:\/\/estudiornya.com.ar\/wordpress\/wp-json\/wp\/v2\/pages\/219\/revisions\/222"}],"wp:attachment":[{"href":"https:\/\/estudiornya.com.ar\/wordpress\/wp-json\/wp\/v2\/media?parent=219"}],"curies":[{"name":"wp","href":"https:\/\/api.w.org\/{rel}","templated":true}]}}