{"id":137,"date":"2016-05-06T19:00:23","date_gmt":"2016-05-06T22:00:23","guid":{"rendered":"http:\/\/85c.ec9.myftpupload.com\/?page_id=137"},"modified":"2016-05-07T17:47:32","modified_gmt":"2016-05-07T20:47:32","slug":"consultoria-outsoursing-laboral","status":"publish","type":"page","link":"https:\/\/estudiornya.com.ar\/wordpress\/consultoria-outsoursing-laboral\/","title":{"rendered":"Consultoria Outsoursing Laboral"},"content":{"rendered":"<h3><em><span style=\"color: #800000;\">Trabajando con absoluta confidencialidad, los servicios de tercerizaci\u00f3n que ofrecemos combinan las ventajas de los patrones centralizados y la fortaleza de los esquemas descentralizados, orientados al cliente.<\/span><\/em><br \/>\n<em><span style=\"color: #800000;\"> El Outsourcing (Tercerizaci\u00f3n) de las tareas inherentes al \u00e1rea Laboral le permite a la empresa ampliar su nivel de competitividad y enfocarse en asuntos empresariales m\u00e1s amplios, tales como mejorar la calidad de servicio y bajar los costos de los mismos, delegando en Nosotros el manejo eficaz de tareas dif\u00edciles y\/o problem\u00e1ticas.<\/span><\/em><\/h3>\n<hr \/>\n<p>Nuestros servicios son:<\/p>\n<p># Liquidaci\u00f3n de Haberes de Todos los Convenios Colectivos de Trabajo<br \/>\n# Asesoramiento y Asistencia en oportunidades de Inspecciones del MTSS, ANSeS y AFIP<br \/>\n# Tr\u00e1mites de Seguro de Vida, ART, Obra Social<br \/>\n# Tr\u00e1mites Libro Especial de Sueldos y Jornales Ley 20.744<br \/>\n# Apertura de Cuentas Bancarias Sueldos<br \/>\n# Outsoursing \/ Tercerizaci\u00f3n de Administraci\u00f3n de personal<br \/>\n# Armado y Actualizaci\u00f3n de legajos de personal<\/p>\n<p>Nuestros clientes que optan por este servicio reciben:<\/p>\n<p># Atenci\u00f3n personalizada<br \/>\n# Confidencialidad en el manejo de la informaci\u00f3n<br \/>\n# Seguridad y responsabilidad en los procesos de liquidaci\u00f3n<\/p>\n","protected":false},"excerpt":{"rendered":"<p>Trabajando con absoluta confidencialidad, los servicios de tercerizaci\u00f3n que ofrecemos combinan las ventajas de los patrones centralizados y la fortaleza de los esquemas descentralizados, orientados [&hellip;]<\/p>\n","protected":false},"author":1,"featured_media":0,"parent":0,"menu_order":0,"comment_status":"closed","ping_status":"closed","template":"template-full-width.php","meta":{"footnotes":""},"class_list":["post-137","page","type-page","status-publish","hentry"],"_links":{"self":[{"href":"https:\/\/estudiornya.com.ar\/wordpress\/wp-json\/wp\/v2\/pages\/137","targetHints":{"allow":["GET"]}}],"collection":[{"href":"https:\/\/estudiornya.com.ar\/wordpress\/wp-json\/wp\/v2\/pages"}],"about":[{"href":"https:\/\/estudiornya.com.ar\/wordpress\/wp-json\/wp\/v2\/types\/page"}],"author":[{"embeddable":true,"href":"https:\/\/estudiornya.com.ar\/wordpress\/wp-json\/wp\/v2\/users\/1"}],"replies":[{"embeddable":true,"href":"https:\/\/estudiornya.com.ar\/wordpress\/wp-json\/wp\/v2\/comments?post=137"}],"version-history":[{"count":1,"href":"https:\/\/estudiornya.com.ar\/wordpress\/wp-json\/wp\/v2\/pages\/137\/revisions"}],"predecessor-version":[{"id":150,"href":"https:\/\/estudiornya.com.ar\/wordpress\/wp-json\/wp\/v2\/pages\/137\/revisions\/150"}],"wp:attachment":[{"href":"https:\/\/estudiornya.com.ar\/wordpress\/wp-json\/wp\/v2\/media?parent=137"}],"curies":[{"name":"wp","href":"https:\/\/api.w.org\/{rel}","templated":true}]}}