{"id":133,"date":"2016-05-06T18:29:21","date_gmt":"2016-05-06T21:29:21","guid":{"rendered":"http:\/\/85c.ec9.myftpupload.com\/?page_id=133"},"modified":"2016-05-07T17:47:51","modified_gmt":"2016-05-07T20:47:51","slug":"consultoria-sociedades-nacionales","status":"publish","type":"page","link":"https:\/\/estudiornya.com.ar\/wordpress\/consultoria-sociedades-nacionales\/","title":{"rendered":"Consultor\u00eda Sociedades Nacionales"},"content":{"rendered":"<h3 align=\"justify\"><span style=\"color: #800000;\"><em><strong><span class=\"Estilo9\">Asesoramos a nuestros clientes sobre el esquema Contable, Impositivo y Jur\u00eddico m\u00e1s conveniente para encarar nuevos negocios, realizar alianzas estrat\u00e9gicas o a redise\u00f1ar aquellos que ya est\u00e1n en marcha. Esto alcanza tambi\u00e9n a aquellas empresas extranjeras que deseen acceder a nuestros mercados.<\/span><\/strong><\/em><\/span><\/h3>\n<p align=\"justify\">\n<strong>Nos ocupamos de:<\/strong><\/p>\n<p><span class=\"Estilo8\"># Constituci\u00f3n de Sociedades.<\/p>\n<p># Reformas Estatutarias.<\/p>\n<p># Reorganizaciones Societarias.<\/p>\n<p># Presentaciones ante los Organismos de Control Societario<\/p>\n<p># Liquidaci\u00f3n de tasas y grav\u00e1menes societarios.<\/p>\n<p># Evaluaci\u00f3n e implementaci\u00f3n de las normas emitidas por los Organismos de Control Societario.<\/p>\n<p># Adecuaci\u00f3n de Sociedades Extranjeras a las normativas societarias argentinas.<\/p>\n<p># Asesoramiento en materia de finanzas e inversiones.<\/span><\/p>\n","protected":false},"excerpt":{"rendered":"<p>Asesoramos a nuestros clientes sobre el esquema Contable, Impositivo y Jur\u00eddico m\u00e1s conveniente para encarar nuevos negocios, realizar alianzas estrat\u00e9gicas o a redise\u00f1ar aquellos que [&hellip;]<\/p>\n","protected":false},"author":1,"featured_media":0,"parent":0,"menu_order":0,"comment_status":"closed","ping_status":"closed","template":"template-full-width.php","meta":{"footnotes":""},"class_list":["post-133","page","type-page","status-publish","hentry"],"_links":{"self":[{"href":"https:\/\/estudiornya.com.ar\/wordpress\/wp-json\/wp\/v2\/pages\/133","targetHints":{"allow":["GET"]}}],"collection":[{"href":"https:\/\/estudiornya.com.ar\/wordpress\/wp-json\/wp\/v2\/pages"}],"about":[{"href":"https:\/\/estudiornya.com.ar\/wordpress\/wp-json\/wp\/v2\/types\/page"}],"author":[{"embeddable":true,"href":"https:\/\/estudiornya.com.ar\/wordpress\/wp-json\/wp\/v2\/users\/1"}],"replies":[{"embeddable":true,"href":"https:\/\/estudiornya.com.ar\/wordpress\/wp-json\/wp\/v2\/comments?post=133"}],"version-history":[{"count":1,"href":"https:\/\/estudiornya.com.ar\/wordpress\/wp-json\/wp\/v2\/pages\/133\/revisions"}],"predecessor-version":[{"id":152,"href":"https:\/\/estudiornya.com.ar\/wordpress\/wp-json\/wp\/v2\/pages\/133\/revisions\/152"}],"wp:attachment":[{"href":"https:\/\/estudiornya.com.ar\/wordpress\/wp-json\/wp\/v2\/media?parent=133"}],"curies":[{"name":"wp","href":"https:\/\/api.w.org\/{rel}","templated":true}]}}