{"id":131,"date":"2016-05-06T18:28:42","date_gmt":"2016-05-06T21:28:42","guid":{"rendered":"http:\/\/85c.ec9.myftpupload.com\/?page_id=131"},"modified":"2016-05-07T17:47:46","modified_gmt":"2016-05-07T20:47:46","slug":"consultoria-sociedades-extranjeras","status":"publish","type":"page","link":"https:\/\/estudiornya.com.ar\/wordpress\/consultoria-sociedades-extranjeras\/","title":{"rendered":"Consultor\u00eda Sociedades Extranjeras"},"content":{"rendered":"<table border=\"0\" width=\"94%\" cellspacing=\"2\" cellpadding=\"2\" align=\"center\">\n<tbody>\n<tr>\n<td width=\"83%\">\n<h3 align=\"justify\"><strong><em><span class=\"Estilo9\" style=\"color: #800000;\">Contamos con un equipo de profesionales especializados en el asesoramiento a empresas nacionales que deseen acceder a los mercados internacionales y a empresas extranjeras que deseen acceder a nuestros mercados, de modo tal de utilizar la estructura societaria y tributaria m\u00e1s conveniente.<\/span><\/em><\/strong><\/h3>\n<\/td>\n<\/tr>\n<tr>\n<td colspan=\"2\">\n<p align=\"justify\">\n<p>Nos ocupamos de:<\/p>\n<p><span class=\"Estilo8\"># Constituci\u00f3n de sociedades en el exterior.<\/p>\n<p># Asistencia en la elecci\u00f3n del tipo societario adecuado, teniendo en cuenta, composici\u00f3n societaria, actividad a desarrollar, e impacto fiscal, entre otros par\u00e1metros.<\/p>\n<p># Identificaci\u00f3n de las diferencias entre las normas societarias locales con las del extranjero.<\/p>\n<p># Inscripci\u00f3n de sucursales \u00f3 representaciones ante los organismos de control en el pa\u00eds.<\/p>\n<p># Asistencia a la gerencia de empresas extranjeras que act\u00faan en el pa\u00eds para el cumplimiento de las distintas<\/p>\n<p># obligaciones impuestas por los organismos de control societario.<\/p>\n<p># Asistencia en el cumplimiento de las normas del BCRA en cuanto al ingreso y egreso de fondos.<\/span><\/p>\n<\/td>\n<\/tr>\n<\/tbody>\n<\/table>\n","protected":false},"excerpt":{"rendered":"<p>Contamos con un equipo de profesionales especializados en el asesoramiento a empresas nacionales que deseen acceder a los mercados internacionales y a empresas extranjeras que [&hellip;]<\/p>\n","protected":false},"author":1,"featured_media":0,"parent":0,"menu_order":0,"comment_status":"closed","ping_status":"closed","template":"template-full-width.php","meta":{"footnotes":""},"class_list":["post-131","page","type-page","status-publish","hentry"],"_links":{"self":[{"href":"https:\/\/estudiornya.com.ar\/wordpress\/wp-json\/wp\/v2\/pages\/131","targetHints":{"allow":["GET"]}}],"collection":[{"href":"https:\/\/estudiornya.com.ar\/wordpress\/wp-json\/wp\/v2\/pages"}],"about":[{"href":"https:\/\/estudiornya.com.ar\/wordpress\/wp-json\/wp\/v2\/types\/page"}],"author":[{"embeddable":true,"href":"https:\/\/estudiornya.com.ar\/wordpress\/wp-json\/wp\/v2\/users\/1"}],"replies":[{"embeddable":true,"href":"https:\/\/estudiornya.com.ar\/wordpress\/wp-json\/wp\/v2\/comments?post=131"}],"version-history":[{"count":1,"href":"https:\/\/estudiornya.com.ar\/wordpress\/wp-json\/wp\/v2\/pages\/131\/revisions"}],"predecessor-version":[{"id":151,"href":"https:\/\/estudiornya.com.ar\/wordpress\/wp-json\/wp\/v2\/pages\/131\/revisions\/151"}],"wp:attachment":[{"href":"https:\/\/estudiornya.com.ar\/wordpress\/wp-json\/wp\/v2\/media?parent=131"}],"curies":[{"name":"wp","href":"https:\/\/api.w.org\/{rel}","templated":true}]}}