{"id":127,"date":"2016-05-06T18:27:16","date_gmt":"2016-05-06T21:27:16","guid":{"rendered":"http:\/\/85c.ec9.myftpupload.com\/?page_id=127"},"modified":"2016-07-18T22:04:41","modified_gmt":"2016-07-19T01:04:41","slug":"coti-iti","status":"publish","type":"page","link":"https:\/\/estudiornya.com.ar\/wordpress\/coti-iti\/","title":{"rendered":"Consultor\u00eda en C.O.T.I. e I.T.I."},"content":{"rendered":"<table border=\"0\" width=\"95%\" cellspacing=\"2\" cellpadding=\"2\" align=\"center\">\n<tbody>\n<tr>\n<td width=\"83%\">\n<h3 align=\"justify\"><em><strong><span class=\"Estilo17\" style=\"color: #800000;\">El Estudio R. N. y Asoc. brinda a sus clientes la posibilidad de gestionar el C.O.T.I. y el I.T.I. de Manera R\u00e1pida y Eficiente.<\/span><\/strong><\/em><\/h3>\n<\/td>\n<\/tr>\n<tr>\n<td colspan=\"2\">\n<p align=\"justify\">Desde que la AFIP mediante la RG 2141 del a\u00f1o 2006 impuso un sistema por el cual se debe emitir un Certificado para la No Retenci\u00f3n del Impuesto a la Transferencia de Inmuebles (ITI) si uno es Argentino Residente, una Constancia de Valuaci\u00f3n para aquellos inmuebles que no tienen un Valor Cierto de Mercado, y una Constancia de Retenci\u00f3n para todas aquellas personas que sean extranjeras o que siendo argentinos por permanecer fuera del pa\u00eds determinado tiempo hayan perdido la condici\u00f3n de residentes.<\/p>\n<p align=\"justify\"><span class=\"Estilo8\">El ITI <\/span>es un impuesto que coexiste con nosotros desde hace muchos a\u00f1os, no es nuevo.<\/p>\n<p align=\"justify\">Si usted es propietario y tiene pensado vender una propiedad cuyo valor de venta supere los $ 1.500.000.- deber\u00e1 obtener tambi\u00e9n en la AFIP el llamado COTI.<\/p>\n<p align=\"justify\"><span class=\"Estilo8\">El C.O.T.I. <\/span>no es un impuesto, es un c\u00f3digo de identificaci\u00f3n del inmueble a vender. Sus siglas significan C\u00f3digo de Oferta de Transferencia de Inmueble, y es un r\u00e9gimen de informaci\u00f3n establecido por la AFIP que debe ser cumplimentado por el Vendedor del bien (tramite o no la Exenci\u00f3n del ITI y siempre que supere el Valor de Venta los $ 1.500.000.-) y en el caso de intervenci\u00f3n Inmobiliaria tambi\u00e9n debe ser informada.<\/p>\n<p align=\"justify\">Dada la complejidad del tema es que nos hemos especializado, a fin de poder brindarles a nuestros clientes la soluci\u00f3n m\u00e1s satisfactoria acorde a sus necesidades.<\/p>\n<p class=\"Estilo9\" align=\"justify\"># Asesoramiento y Capacitaci\u00f3n a Inmobiliarias y Escriban\u00edas<\/p>\n<p class=\"Estilo9\" align=\"justify\"># Gesti\u00f3n con car\u00e1cter Urgente del Certificado de No Retenci\u00f3n del ITI<\/p>\n<p class=\"Estilo9\" align=\"justify\"># Gesti\u00f3n con car\u00e1cter Normal del Certificado de No Retenci\u00f3n del ITI<\/p>\n<p class=\"Estilo9\" align=\"justify\"># Gesti\u00f3n de la Constancia de Valuaci\u00f3n y del Certificado de Retenci\u00f3n para Argentinos No Residentes o Extranjeros<\/p>\n<p class=\"Estilo9\" align=\"justify\"># Gesti\u00f3n del C\u00f3digo de Oferta de Transferencia de Inmuebles (COTI)<\/p>\n<\/td>\n<\/tr>\n<\/tbody>\n<\/table>\n","protected":false},"excerpt":{"rendered":"<p>El Estudio R. N. y Asoc. brinda a sus clientes la posibilidad de gestionar el C.O.T.I. y el I.T.I. de Manera R\u00e1pida y Eficiente. Desde [&hellip;]<\/p>\n","protected":false},"author":1,"featured_media":0,"parent":0,"menu_order":0,"comment_status":"closed","ping_status":"closed","template":"template-full-width.php","meta":{"footnotes":""},"class_list":["post-127","page","type-page","status-publish","hentry"],"_links":{"self":[{"href":"https:\/\/estudiornya.com.ar\/wordpress\/wp-json\/wp\/v2\/pages\/127","targetHints":{"allow":["GET"]}}],"collection":[{"href":"https:\/\/estudiornya.com.ar\/wordpress\/wp-json\/wp\/v2\/pages"}],"about":[{"href":"https:\/\/estudiornya.com.ar\/wordpress\/wp-json\/wp\/v2\/types\/page"}],"author":[{"embeddable":true,"href":"https:\/\/estudiornya.com.ar\/wordpress\/wp-json\/wp\/v2\/users\/1"}],"replies":[{"embeddable":true,"href":"https:\/\/estudiornya.com.ar\/wordpress\/wp-json\/wp\/v2\/comments?post=127"}],"version-history":[{"count":3,"href":"https:\/\/estudiornya.com.ar\/wordpress\/wp-json\/wp\/v2\/pages\/127\/revisions"}],"predecessor-version":[{"id":258,"href":"https:\/\/estudiornya.com.ar\/wordpress\/wp-json\/wp\/v2\/pages\/127\/revisions\/258"}],"wp:attachment":[{"href":"https:\/\/estudiornya.com.ar\/wordpress\/wp-json\/wp\/v2\/media?parent=127"}],"curies":[{"name":"wp","href":"https:\/\/api.w.org\/{rel}","templated":true}]}}