{"id":125,"date":"2016-05-06T18:26:33","date_gmt":"2016-05-06T21:26:33","guid":{"rendered":"http:\/\/85c.ec9.myftpupload.com\/?page_id=125"},"modified":"2016-05-07T17:47:08","modified_gmt":"2016-05-07T20:47:08","slug":"consultoria-contable-y-financiera","status":"publish","type":"page","link":"https:\/\/estudiornya.com.ar\/wordpress\/consultoria-contable-y-financiera\/","title":{"rendered":"Consultor\u00eda Contable y Financiera"},"content":{"rendered":"<table border=\"0\" width=\"95%\" cellspacing=\"2\" cellpadding=\"2\" align=\"center\">\n<tbody>\n<tr>\n<td width=\"83%\">\n<h3 align=\"justify\"><em><span class=\"Estilo17\" style=\"color: #800000;\">Nuestra misi\u00f3n es ayudar a las organizaciones a contar con informaci\u00f3n contable segura, confiable y encuadrada dentro de las normas vigentes.<\/span><\/em><\/h3>\n<\/td>\n<\/tr>\n<tr>\n<td colspan=\"2\">\n<p align=\"justify\">Este segmento consiste en ejecutar con nuestra estructura las tareas que la empresa necesita y no puede o no quiere hacer, para administrar su \u00e1rea Administrativo-Contable. Libere valiosos recursos en su empresa para destinarlos a sus \u00e1reas estrat\u00e9gicas y mejore su gesti\u00f3n operativa mientras reduce los costos de su compa\u00f1\u00eda.<\/p>\n<p align=\"justify\">El Estudio toma a su cargo las tareas que se desean tercerizar, y el Cliente puede despreocuparse del tema: no existen los problemas, solo las soluciones. El servicio, de tipo integral, contempla el cobro a Clientes, pago a Proveedores, dise\u00f1o del circuito de Cuentas Corrientes Comerciales y una detallada rendici\u00f3n de cuentas en forma peri\u00f3dica.<\/p>\n<p align=\"justify\">El Cliente siempre mantiene el control final de los procedimientos que se utilizan para dicho fin. Brindamos los siguientes servicios, a saber:<\/p>\n<p class=\"Estilo9\"># Asesoramiento sobre temas administrativo-contables<br \/>\n# Registraci\u00f3n contable de operaciones<br \/>\n# Cumplimiento de normativas legales sobre libros de comercio<br \/>\n# Elaboraci\u00f3n de balances<br \/>\n# Tratamiento contable de inversiones extranjeras y operaciones con empresas vinculadas en el exterior<br \/>\n# Asesoramiento y tratamiento de Costos e Inventarios<\/p>\n<\/td>\n<\/tr>\n<\/tbody>\n<\/table>\n","protected":false},"excerpt":{"rendered":"<p>Nuestra misi\u00f3n es ayudar a las organizaciones a contar con informaci\u00f3n contable segura, confiable y encuadrada dentro de las normas vigentes. Este segmento consiste en [&hellip;]<\/p>\n","protected":false},"author":1,"featured_media":0,"parent":0,"menu_order":0,"comment_status":"closed","ping_status":"closed","template":"template-full-width.php","meta":{"footnotes":""},"class_list":["post-125","page","type-page","status-publish","hentry"],"_links":{"self":[{"href":"https:\/\/estudiornya.com.ar\/wordpress\/wp-json\/wp\/v2\/pages\/125","targetHints":{"allow":["GET"]}}],"collection":[{"href":"https:\/\/estudiornya.com.ar\/wordpress\/wp-json\/wp\/v2\/pages"}],"about":[{"href":"https:\/\/estudiornya.com.ar\/wordpress\/wp-json\/wp\/v2\/types\/page"}],"author":[{"embeddable":true,"href":"https:\/\/estudiornya.com.ar\/wordpress\/wp-json\/wp\/v2\/users\/1"}],"replies":[{"embeddable":true,"href":"https:\/\/estudiornya.com.ar\/wordpress\/wp-json\/wp\/v2\/comments?post=125"}],"version-history":[{"count":1,"href":"https:\/\/estudiornya.com.ar\/wordpress\/wp-json\/wp\/v2\/pages\/125\/revisions"}],"predecessor-version":[{"id":147,"href":"https:\/\/estudiornya.com.ar\/wordpress\/wp-json\/wp\/v2\/pages\/125\/revisions\/147"}],"wp:attachment":[{"href":"https:\/\/estudiornya.com.ar\/wordpress\/wp-json\/wp\/v2\/media?parent=125"}],"curies":[{"name":"wp","href":"https:\/\/api.w.org\/{rel}","templated":true}]}}