{"id":121,"date":"2016-05-06T18:23:38","date_gmt":"2016-05-06T21:23:38","guid":{"rendered":"http:\/\/85c.ec9.myftpupload.com\/?page_id=121"},"modified":"2016-05-07T17:46:38","modified_gmt":"2016-05-07T20:46:38","slug":"consultoria-auditoria","status":"publish","type":"page","link":"https:\/\/estudiornya.com.ar\/wordpress\/consultoria-auditoria\/","title":{"rendered":"Consultor\u00eda Auditor\u00eda"},"content":{"rendered":"<h3><em><span style=\"color: #800000;\">El auditor es hoy un verdadero consultor, un agente proactivo que trata de mejorar a la empresa en su conjunto.<\/span><\/em><br \/>\n<em><span style=\"color: #800000;\"> Por tradici\u00f3n, los procesos cl\u00e1sicos de auditor\u00eda est\u00e1n orientados a dar una opini\u00f3n sobre la variedad de los estados contables, a establecer el cumplimiento de pol\u00edtica y procedimientos, a custodiar los activos de la organizaci\u00f3n y a determinar la veracidad de la informaci\u00f3n de gesti\u00f3n, pero adem\u00e1s a ser coactivos en cuanto a la eficiencia y eficacia de los procesos que all\u00ed se est\u00e1n implementando.<\/span><\/em><\/h3>\n<hr \/>\n<p>Nuestro enfoque de auditor\u00eda reconoce los riesgos y contingencias del cliente, por lo tanto nuestro sistema est\u00e1 focalizado hacia la obtenci\u00f3n de un alto valor agregado, a trav\u00e9s de la calidad y productividad de nuestro trabajo.<\/p>\n<p>La auditor\u00eda no es s\u00f3lo un asunto referido a la aprobaci\u00f3n de balances anuales y a la certificaci\u00f3n de contadores a efectos de dar cumplimiento a normas legales. Significa tambi\u00e9n efectuar recomendaciones, asesorar acertadamente, mejorar los resultados y dar seguridad financiera a la compa\u00f1\u00eda para una m\u00e1s eficiente administraci\u00f3n y toma de decisiones.<\/p>\n<p>Por ello, es nuestra pol\u00edtica extender nuestros servicios m\u00e1s all\u00e1 del alcance de la auditor\u00eda de los estados contables, presentando a nuestros clientes un informe de sugerencias para el desarrollo y la optimizaci\u00f3n de recursos y aspectos administrativos del negocio. De esta manera, la auditor\u00eda se constituye en un elemento que contribuye al crecimiento, agregando valor a la empresa, siendo un buen complemento para no encontrarnos con sorpresas una vez finalizado el nuevo per\u00edodo econ\u00f3mico.<\/p>\n<p>Nuestra vocaci\u00f3n de servicio fija un fuerte compromiso por la satisfacci\u00f3n del cliente, enfocado en un asesoramiento efectivo y oportuno, en la capacidad de r\u00e1pida respuesta y por sobre todo en nuestro fluido contacto personal.<\/p>\n<p># Auditor\u00eda de Estados Contables<br \/>\n# Auditorias Tributarias<br \/>\n# Auditorias Trimestrales o Puntuales de Determinados Rubros.<br \/>\n# Auditoria Operativa.<br \/>\n# Tercerizaci\u00f3n \/ Outsourcing de la auditor\u00eda interna.<br \/>\n# Definici\u00f3n de pol\u00edticas y procedimientos administrativos.<br \/>\n# Valuaci\u00f3n de empresas.<br \/>\n# Due diligences en fusiones y adquisiciones<\/p>\n","protected":false},"excerpt":{"rendered":"<p>El auditor es hoy un verdadero consultor, un agente proactivo que trata de mejorar a la empresa en su conjunto. Por tradici\u00f3n, los procesos cl\u00e1sicos [&hellip;]<\/p>\n","protected":false},"author":1,"featured_media":0,"parent":0,"menu_order":0,"comment_status":"closed","ping_status":"closed","template":"template-full-width.php","meta":{"footnotes":""},"class_list":["post-121","page","type-page","status-publish","hentry"],"_links":{"self":[{"href":"https:\/\/estudiornya.com.ar\/wordpress\/wp-json\/wp\/v2\/pages\/121","targetHints":{"allow":["GET"]}}],"collection":[{"href":"https:\/\/estudiornya.com.ar\/wordpress\/wp-json\/wp\/v2\/pages"}],"about":[{"href":"https:\/\/estudiornya.com.ar\/wordpress\/wp-json\/wp\/v2\/types\/page"}],"author":[{"embeddable":true,"href":"https:\/\/estudiornya.com.ar\/wordpress\/wp-json\/wp\/v2\/users\/1"}],"replies":[{"embeddable":true,"href":"https:\/\/estudiornya.com.ar\/wordpress\/wp-json\/wp\/v2\/comments?post=121"}],"version-history":[{"count":1,"href":"https:\/\/estudiornya.com.ar\/wordpress\/wp-json\/wp\/v2\/pages\/121\/revisions"}],"predecessor-version":[{"id":145,"href":"https:\/\/estudiornya.com.ar\/wordpress\/wp-json\/wp\/v2\/pages\/121\/revisions\/145"}],"wp:attachment":[{"href":"https:\/\/estudiornya.com.ar\/wordpress\/wp-json\/wp\/v2\/media?parent=121"}],"curies":[{"name":"wp","href":"https:\/\/api.w.org\/{rel}","templated":true}]}}