{"id":119,"date":"2016-05-06T18:19:13","date_gmt":"2016-05-06T21:19:13","guid":{"rendered":"http:\/\/85c.ec9.myftpupload.com\/?page_id=119"},"modified":"2016-05-09T16:33:20","modified_gmt":"2016-05-09T19:33:20","slug":"agropecuaria","status":"publish","type":"page","link":"https:\/\/estudiornya.com.ar\/wordpress\/agropecuaria\/","title":{"rendered":"Consultor\u00eda Agropecuaria"},"content":{"rendered":"<h3 align=\"justify\"><strong><span style=\"color: #800000;\">Nuestro desaf\u00edo es brindar asesoramiento en esta especialidad acompa\u00f1ando a nuestros clientes en la Gesti\u00f3n diaria y Toma de Cada Decisi\u00f3n Estrat\u00e9gica en esta \u00c1rea tan particular que nos identifica como pa\u00eds.<\/span><\/strong><\/h3>\n<hr \/>\n<p align=\"justify\">El Estudio desde su comienzo se ha especializado en esta \u00e1rea no solo mediante la actualizaci\u00f3n constante de sus profesionales sino tambi\u00e9n conformando alianzas estrat\u00e9gicas en nuestro pa\u00eds, a modo tal de dotar al productor, cualquiera sea el tama\u00f1o de su explotaci\u00f3n, de las herramientas tecnol\u00f3gicas de punta en lo referido a una administraci\u00f3n eficaz, control de gesti\u00f3n para una producci\u00f3n agropecuaria eficiente.<\/p>\n<p align=\"justify\">Nuestro valor agregado, es el de brindar una soluci\u00f3n integral en tiempo y forma, que facilite el manejo sencillo, veloz y din\u00e1mico de las gestiones administrativas, productivas, financieras, impositivas y de planeamiento.<\/p>\n<p align=\"justify\">Le otorgamos un servicio de consultor\u00eda amplio en posibilidades para un \u00f3ptimo resultado en sus negocios. Debido a que las complejidades impositivas entorpecen el normal desenvolvimiento en la comercializaci\u00f3n de los productos agropecuarios, causando dificultades a la hora de determinar a ciencia cierta qu\u00e9 es lo vendido y qu\u00e9 lo proyectado a vender, para lo cual el Estudio brinda un seguimiento pormenorizado de manera tal de echar luz a este asunto y llevar la tranquilidad necesaria al productor.<\/p>\n<p align=\"justify\">El desarrollo y administraci\u00f3n de diversos proyectos agropecuarios nos permite contar con profesionales capacitados en este sector de negocios, garantizando que sus proyectos de inversi\u00f3n ser\u00e1n ejecutados optimizando recursos y al menor costo. Actualmente brindamos servicios de administraci\u00f3n o asesoramiento a nuevos emprendimientos y a establecimientos en marcha de las diversas ramas del \u00e1mbito Pecuario y Agrario.<\/p>\n<p align=\"justify\">El Estudio, conjuntamente con el desarrollo de las actividades comunes a cualquier estudio impositivo-contable, tiene un valor agregado para las explotaciones agropecuarias.<\/p>\n<p class=\"Estilo12\" align=\"justify\"># Recuento y Valuaci\u00f3n de Activos Biol\u00f3gicos en Campo<br \/>\n# Valuaci\u00f3n de Cementeras<br \/>\n# Implementaci\u00f3n de sistemas de organizaci\u00f3n y control<br \/>\n# Organizaci\u00f3n general de la unidad de explotaci\u00f3n<br \/>\n# An\u00e1lisis y desarrollo de proyectos de expansi\u00f3n<br \/>\n# Asesor\u00eda en gerenciamiento, direcci\u00f3n y control de gesti\u00f3n<br \/>\n# Detecci\u00f3n de oportunidades de negocios<\/p>\n","protected":false},"excerpt":{"rendered":"<p>Nuestro desaf\u00edo es brindar asesoramiento en esta especialidad acompa\u00f1ando a nuestros clientes en la Gesti\u00f3n diaria y Toma de Cada Decisi\u00f3n Estrat\u00e9gica en esta \u00c1rea [&hellip;]<\/p>\n","protected":false},"author":1,"featured_media":0,"parent":0,"menu_order":0,"comment_status":"closed","ping_status":"closed","template":"template-full-width.php","meta":{"footnotes":""},"class_list":["post-119","page","type-page","status-publish","hentry"],"_links":{"self":[{"href":"https:\/\/estudiornya.com.ar\/wordpress\/wp-json\/wp\/v2\/pages\/119","targetHints":{"allow":["GET"]}}],"collection":[{"href":"https:\/\/estudiornya.com.ar\/wordpress\/wp-json\/wp\/v2\/pages"}],"about":[{"href":"https:\/\/estudiornya.com.ar\/wordpress\/wp-json\/wp\/v2\/types\/page"}],"author":[{"embeddable":true,"href":"https:\/\/estudiornya.com.ar\/wordpress\/wp-json\/wp\/v2\/users\/1"}],"replies":[{"embeddable":true,"href":"https:\/\/estudiornya.com.ar\/wordpress\/wp-json\/wp\/v2\/comments?post=119"}],"version-history":[{"count":2,"href":"https:\/\/estudiornya.com.ar\/wordpress\/wp-json\/wp\/v2\/pages\/119\/revisions"}],"predecessor-version":[{"id":143,"href":"https:\/\/estudiornya.com.ar\/wordpress\/wp-json\/wp\/v2\/pages\/119\/revisions\/143"}],"wp:attachment":[{"href":"https:\/\/estudiornya.com.ar\/wordpress\/wp-json\/wp\/v2\/media?parent=119"}],"curies":[{"name":"wp","href":"https:\/\/api.w.org\/{rel}","templated":true}]}}